{"id":79,"date":"2020-02-19T12:30:17","date_gmt":"2020-02-19T12:30:17","guid":{"rendered":"https:\/\/xstore.8theme.com\/demos\/2\/organic-cosmetics\/?page_id=79"},"modified":"2024-11-14T12:16:23","modified_gmt":"2024-11-14T09:16:23","slug":"about-us","status":"publish","type":"page","link":"https:\/\/microplants.lt\/lt\/about-us\/","title":{"rendered":"Apie mus"},"content":{"rendered":"<div data-elementor-type=\"wp-page\" data-elementor-id=\"79\" class=\"elementor elementor-79\" data-elementor-post-type=\"page\">\n\t\t\t\t\t\t<section class=\"elementor-section elementor-top-section elementor-element elementor-element-7dfd60a elementor-section-full_width custom-video-block elementor-section-height-default elementor-section-height-default elementor-invisible\" data-id=\"7dfd60a\" data-element_type=\"section\" data-e-type=\"section\" data-settings=\"{&quot;background_background&quot;:&quot;classic&quot;,&quot;animation&quot;:&quot;fadeInUp&quot;}\">\n\t\t\t\t\t\t<div class=\"elementor-container elementor-column-gap-no\">\n\t\t\t\t\t<div class=\"elementor-column elementor-col-100 elementor-top-column elementor-element elementor-element-a2549f1\" data-id=\"a2549f1\" data-element_type=\"column\" data-e-type=\"column\">\n\t\t\t<div class=\"elementor-widget-wrap\">\n\t\t\t\t\t\t\t<\/div>\n\t\t<\/div>\n\t\t\t\t\t<\/div>\n\t\t<\/section>\n\t\t\t\t<section class=\"elementor-section elementor-top-section elementor-element elementor-element-4642f11 custom-side-paddings elementor-section-boxed elementor-section-height-default elementor-section-height-default elementor-invisible\" data-id=\"4642f11\" data-element_type=\"section\" data-e-type=\"section\" data-settings=\"{&quot;background_background&quot;:&quot;classic&quot;,&quot;animation&quot;:&quot;fadeInUp&quot;}\">\n\t\t\t\t\t\t<div class=\"elementor-container elementor-column-gap-no\">\n\t\t\t\t\t<div class=\"elementor-column elementor-col-100 elementor-top-column elementor-element elementor-element-8ac743a\" data-id=\"8ac743a\" data-element_type=\"column\" data-e-type=\"column\">\n\t\t\t<div class=\"elementor-widget-wrap elementor-element-populated\">\n\t\t\t\t\t\t<div class=\"elementor-element elementor-element-bd70be0 elementor-widget elementor-widget-heading\" data-id=\"bd70be0\" data-element_type=\"widget\" data-e-type=\"widget\" data-widget_type=\"heading.default\">\n\t\t\t\t<div class=\"elementor-widget-container\">\n\t\t\t\t\t<h2 class=\"elementor-heading-title elementor-size-default\">Apie mus<\/h2>\t\t\t\t<\/div>\n\t\t\t\t<\/div>\n\t\t\t\t<div class=\"elementor-element elementor-element-716f45c elementor-widget elementor-widget-text-editor\" data-id=\"716f45c\" data-element_type=\"widget\" data-e-type=\"widget\" data-widget_type=\"text-editor.default\">\n\t\t\t\t<div class=\"elementor-widget-container\">\n\t\t\t\t\t\t\t\t\t<p><span style=\"color: #212121; font-family: Inter, sans-serif; font-size: 16px; text-align: start;\">Mes tikime, kad kiekvienas gali patirti sodininkyst\u0117s malonumus nepaisant turim\u0173 \u012fg\u016bd\u017ei\u0173 bei \u012franki\u0173. M\u016bs\u0173 aistra auginimui, privert\u0117 ie\u0161koti b\u016bd\u0173 perkelti sodininkyst\u0119 \u012f namus ir padaryti j\u0105 prieinam\u0105 ir teikian\u010di\u0105 malonum\u0105 kiekvienam, net ir neturin\u010diam visi\u0161kai jokios augalininkyst\u0117s patirties.<\/span><\/p>\t\t\t\t\t\t\t\t<\/div>\n\t\t\t\t<\/div>\n\t\t\t\t<div class=\"elementor-element elementor-element-bd6c31a elementor-widget elementor-widget-heading\" data-id=\"bd6c31a\" data-element_type=\"widget\" data-e-type=\"widget\" data-widget_type=\"heading.default\">\n\t\t\t\t<div class=\"elementor-widget-container\">\n\t\t\t\t\t<h2 class=\"elementor-heading-title elementor-size-default\">M\u016bs\u0173 misija<\/h2>\t\t\t\t<\/div>\n\t\t\t\t<\/div>\n\t\t\t\t<div class=\"elementor-element elementor-element-7ee127e elementor-widget elementor-widget-text-editor\" data-id=\"7ee127e\" data-element_type=\"widget\" data-e-type=\"widget\" data-widget_type=\"text-editor.default\">\n\t\t\t\t<div class=\"elementor-widget-container\">\n\t\t\t\t\t\t\t\t\t<p style=\"margin-bottom: 1rem; font-family: Inter, sans-serif; font-size: 16px; color: #212121; text-align: start;\">Mus\u0173 misija - leisti \u017emon\u0117ms u\u017esiauginti savo \u0161vie\u017ei\u0173, maisting\u0173 mikro\u017ealumyn\u0173 namuose, suteikiant tvar\u0173 d\u017eiaugsmo, sveikatos ir ry\u0161io su gamta \u0161altin\u012f. Esame \u012fsipareigoj\u0119, kad procesas b\u016bt\u0173 lengvas, malonus, tvarus ir naudingas visiems.<\/p>\t\t\t\t\t\t\t\t<\/div>\n\t\t\t\t<\/div>\n\t\t\t\t<div class=\"elementor-element elementor-element-61a2fce elementor-widget elementor-widget-heading\" data-id=\"61a2fce\" data-element_type=\"widget\" data-e-type=\"widget\" data-widget_type=\"heading.default\">\n\t\t\t\t<div class=\"elementor-widget-container\">\n\t\t\t\t\t<h2 class=\"elementor-heading-title elementor-size-default\">Kod\u0117l mikro\u017ealumynai?<\/h2>\t\t\t\t<\/div>\n\t\t\t\t<\/div>\n\t\t\t\t<div class=\"elementor-element elementor-element-4d44f10 elementor-widget elementor-widget-text-editor\" data-id=\"4d44f10\" data-element_type=\"widget\" data-e-type=\"widget\" data-widget_type=\"text-editor.default\">\n\t\t\t\t<div class=\"elementor-widget-container\">\n\t\t\t\t\t\t\t\t\t<p style=\"margin-bottom: 1rem; font-family: Inter, sans-serif; font-size: 16px; color: #212121; text-align: start;\">Mikro\u017ealumynai yra ne tiesiog ma\u017ei augalai, jie kupini skonio, maistini\u0173 med\u017eiag\u0173 ir turi begal\u0119 panaudojimo b\u016bd\u0173. Nesvarbu, ar esate patyr\u0119s sodininkas, ar visi\u0161kai naujokas, m\u016bs\u0173 mikro\u017ealumyn\u0173 veisli\u0173 pasirinkimas yra puikus ir patogus b\u016bdas patobulinti kulinarinius k\u016brinius ir pagerinti j\u016bs\u0173 savijaut\u0105.<\/p>\t\t\t\t\t\t\t\t<\/div>\n\t\t\t\t<\/div>\n\t\t\t\t<div class=\"elementor-element elementor-element-c0f66d0 elementor-widget elementor-widget-heading\" data-id=\"c0f66d0\" data-element_type=\"widget\" data-e-type=\"widget\" data-widget_type=\"heading.default\">\n\t\t\t\t<div class=\"elementor-widget-container\">\n\t\t\t\t\t<h2 class=\"elementor-heading-title elementor-size-default\">Kuo mes skiriam\u0117s nuo kit\u0173?<\/h2>\t\t\t\t<\/div>\n\t\t\t\t<\/div>\n\t\t\t\t<div class=\"elementor-element elementor-element-3bde06d elementor-widget elementor-widget-text-editor\" data-id=\"3bde06d\" data-element_type=\"widget\" data-e-type=\"widget\" data-widget_type=\"text-editor.default\">\n\t\t\t\t<div class=\"elementor-widget-container\">\n\t\t\t\t\t\t\t\t\t<p><span style=\"font-size: 1.14rem;\"><strong>Sodininkyst\u0117 i\u0161tisus metus:<\/strong> m\u0117gaukit\u0117s sodininkyst\u0117s teikiamais malonumais bet kuriuo met\u0173 laiku, patogiai \u012fsitais\u0119 namuose.<\/span><\/p><p><span style=\"font-size: 1.14rem;\"><strong>Nereikia joki\u0173 \u012fg\u016bd\u017ei\u0173:<\/strong> m\u016bs\u0173 patog\u016bs rinkiniai u\u017etikrina, kad kiekvienas sugeb\u0117t\u0173 s\u0117kmingai u\u017eauginti gyvybingus mikro\u017ealumynus, nepaisant turimos patirties.<\/span><\/p><p><span style=\"font-size: 1.14rem;\"><strong>Kokyb\u0117s u\u017etikrinimas:<\/strong> mes tiekiame tik geriausias s\u0117klas ir indus, kad garantuotume geriausius rezultatus savo klientams.<\/span><\/p><p><span style=\"font-size: 1.14rem;\"><strong>Tvarumas:<\/strong> viskam naudojame tik nat\u016bralias med\u017eiagas, tod\u0117l m\u016bs\u0173 produktai yra tvar\u016bs. Panaudotus gaminius galima kompostuoti ar i\u0161mesti kaip organines atliekas.<\/span><\/p>\t\t\t\t\t\t\t\t<\/div>\n\t\t\t\t<\/div>\n\t\t\t\t<div class=\"elementor-element elementor-element-0dd1976 elementor-widget elementor-widget-heading\" data-id=\"0dd1976\" data-element_type=\"widget\" data-e-type=\"widget\" data-widget_type=\"heading.default\">\n\t\t\t\t<div class=\"elementor-widget-container\">\n\t\t\t\t\t<h2 class=\"elementor-heading-title elementor-size-default\">M\u016bs\u0173 istorija<\/h2>\t\t\t\t<\/div>\n\t\t\t\t<\/div>\n\t\t\t\t<div class=\"elementor-element elementor-element-4cd0740 elementor-widget elementor-widget-text-editor\" data-id=\"4cd0740\" data-element_type=\"widget\" data-e-type=\"widget\" data-widget_type=\"text-editor.default\">\n\t\t\t\t<div class=\"elementor-widget-container\">\n\t\t\t\t\t\t\t\t\t<span style=\"color: rgb(33, 33, 33); font-family: Inter, sans-serif; font-size: 16px;\">\u012emon\u0117 Microplants prasid\u0117jo nuo paprastos id\u0117jos - padaryti sodininkyst\u0119 prieinam\u0105 kiekvienam. \u012ekurta sodo entuziast\u0173 tikin\u010di\u0173, kad galimyb\u0117 u\u017esiauginti maisto pa\u010diam netur\u0117t\u0173 b\u016bti privilegija. Tod\u0117l ir prad\u0117jome savo kelion\u0119, ie\u0161kodami geriausi\u0173 sprendim\u0173, kaip b\u016bti ar\u010diau sodo ir jo g\u0117rybi\u0173 nei\u0161einant i\u0161 nam\u0173.<\/span><br>\t\t\t\t\t\t\t\t<\/div>\n\t\t\t\t<\/div>\n\t\t\t\t<div class=\"elementor-element elementor-element-f64a68b elementor-widget elementor-widget-heading\" data-id=\"f64a68b\" data-element_type=\"widget\" data-e-type=\"widget\" data-widget_type=\"heading.default\">\n\t\t\t\t<div class=\"elementor-widget-container\">\n\t\t\t\t\t<h2 class=\"elementor-heading-title elementor-size-default\">Komanda<\/h2>\t\t\t\t<\/div>\n\t\t\t\t<\/div>\n\t\t\t\t<div class=\"elementor-element elementor-element-cb7c1a7 elementor-widget elementor-widget-text-editor\" data-id=\"cb7c1a7\" data-element_type=\"widget\" data-e-type=\"widget\" data-widget_type=\"text-editor.default\">\n\t\t\t\t<div class=\"elementor-widget-container\">\n\t\t\t\t\t\t\t\t\t<p><span style=\"color: rgb(33, 33, 33); font-family: Inter, sans-serif; font-size: 16px;\">U\u017e kiekvienos s\u0117klos, kiekvieno rinkinio ir kiekvieno kliento s\u0117km\u0117s istorijos yra atsidavusi komanda, pasiry\u017eusi, kad j\u016bs\u0173 sodininkyst\u0117s patirtis b\u016bt\u0173 i\u0161skirtin\u0117! D\u0117kojame, kad pasirinkote Microplants kaip savo partner\u012f, \u012fne\u0161dami gamtos gro\u017e\u012f \u012f savo namus. Visada laukiame j\u016bs\u0173 klausim\u0173, pastab\u0173 ar atsiliepim\u0173 bei d\u017eiaugiam\u0117s gal\u0117dami b\u016bti j\u016bs\u0173 sodininkyst\u0117s kelion\u0117s dalimi!<\/span><br><\/p>\t\t\t\t\t\t\t\t<\/div>\n\t\t\t\t<\/div>\n\t\t\t\t<div class=\"elementor-element elementor-element-c6f86ff elementor-widget elementor-widget-heading\" data-id=\"c6f86ff\" data-element_type=\"widget\" data-e-type=\"widget\" data-widget_type=\"heading.default\">\n\t\t\t\t<div class=\"elementor-widget-container\">\n\t\t\t\t\t<h2 class=\"elementor-heading-title elementor-size-default\">Smagaus auginimo!<br \/><br \/><\/h2>\t\t\t\t<\/div>\n\t\t\t\t<\/div>\n\t\t\t\t\t<\/div>\n\t\t<\/div>\n\t\t\t\t\t<\/div>\n\t\t<\/section>\n\t\t\t\t<section class=\"elementor-section elementor-top-section elementor-element elementor-element-6e8ff38 elementor-section-full_width custom-video-block elementor-section-height-default elementor-section-height-default elementor-invisible\" data-id=\"6e8ff38\" data-element_type=\"section\" data-e-type=\"section\" data-settings=\"{&quot;background_background&quot;:&quot;classic&quot;,&quot;animation&quot;:&quot;fadeInUp&quot;}\">\n\t\t\t\t\t\t<div class=\"elementor-container elementor-column-gap-no\">\n\t\t\t\t\t<div class=\"elementor-column elementor-col-100 elementor-top-column elementor-element elementor-element-6502c3b\" data-id=\"6502c3b\" data-element_type=\"column\" data-e-type=\"column\">\n\t\t\t<div class=\"elementor-widget-wrap\">\n\t\t\t\t\t\t\t<\/div>\n\t\t<\/div>\n\t\t\t\t\t<\/div>\n\t\t<\/section>\n\t\t\t\t<\/div>","protected":false},"excerpt":{"rendered":"<p>About Us At Microplants, we believe that everyone can experience the joy of gardening, regardless of their level of expertise. Our passion for bringing greenery&#8230;<\/p>","protected":false},"author":1,"featured_media":0,"parent":0,"menu_order":0,"comment_status":"closed","ping_status":"closed","template":"","meta":{"footnotes":""},"class_list":["post-79","page","type-page","status-publish","hentry"],"jetpack_sharing_enabled":true,"_links":{"self":[{"href":"https:\/\/microplants.lt\/lt\/wp-json\/wp\/v2\/pages\/79","targetHints":{"allow":["GET"]}}],"collection":[{"href":"https:\/\/microplants.lt\/lt\/wp-json\/wp\/v2\/pages"}],"about":[{"href":"https:\/\/microplants.lt\/lt\/wp-json\/wp\/v2\/types\/page"}],"author":[{"embeddable":true,"href":"https:\/\/microplants.lt\/lt\/wp-json\/wp\/v2\/users\/1"}],"replies":[{"embeddable":true,"href":"https:\/\/microplants.lt\/lt\/wp-json\/wp\/v2\/comments?post=79"}],"version-history":[{"count":36,"href":"https:\/\/microplants.lt\/lt\/wp-json\/wp\/v2\/pages\/79\/revisions"}],"predecessor-version":[{"id":1730,"href":"https:\/\/microplants.lt\/lt\/wp-json\/wp\/v2\/pages\/79\/revisions\/1730"}],"wp:attachment":[{"href":"https:\/\/microplants.lt\/lt\/wp-json\/wp\/v2\/media?parent=79"}],"curies":[{"name":"wp","href":"https:\/\/api.w.org\/{rel}","templated":true}]}}