{"id":1149,"date":"2024-10-25T13:15:09","date_gmt":"2024-10-25T13:15:09","guid":{"rendered":"https:\/\/srv627418.hstgr.cloud\/?post_type=product&#038;p=1149"},"modified":"2026-03-18T16:49:38","modified_gmt":"2026-03-18T13:49:38","slug":"sample-kit","status":"publish","type":"product","link":"https:\/\/microplants.lt\/lt\/produktas\/sample-kit\/","title":{"rendered":"Bandomasis Rinkinys"},"content":{"rendered":"<p><strong>Apra\u0161ymas:<\/strong><br \/>\nNiekas nepranoksta \u0161vie\u017ei\u0173 \u017ealumyn\u0173, tiesa? Su m\u016bs\u0173 bandomuoju rinkiniu, kur\u012f sudaro vienkartinis duben\u0117lis ir pasirinktas s\u0117kl\u0173 padelis, rasite pig\u0173 ir tvar\u0173 b\u016bd\u0105 i\u0161bandyti m\u016bs\u0173 auginimo sistem\u0105. Dubenyje yra vietos vienam s\u0117kl\u0173 padeliui, o nu\u0117mus mikro\u017ealumynus duben\u0117l\u012f galima visi\u0161kai kompostuoti arba i\u0161mesti \u012f organini\u0173 atliek\u0173 konteiner\u012f.<\/p>\n<p>Mikro\u017ealumynus galite pasiimti su savimi bet kur! M\u016bs\u0173 bandomiesiems rinkiniams nereikia dirvo\u017eemio ar papildomo laistymo. D\u0117l j\u0173 lengvumo (16 g), duben\u0117lius galite lengvai pasiimti su savimi \u012f i\u0161kyl\u0105 ar kelion\u0119 ir m\u0117gautis \u0161vie\u017eiais mikro\u017ealumynais vietoje, o juos sunaudojus, ind\u0105 galima dr\u0105siai i\u0161mesti, nes jis visi\u0161kai su\u012frantis. Tai lankstus ir i\u0161tikimas j\u016bs\u0173 sveikos mitybos sprendimas, kad ir kur b\u016btum\u0117te, nes \u0161vie\u017eias supermaistas ir atostogos neb\u0117ra tarpusavyje nesuderinami. Tai ne tik prakti\u0161ka, bet ir draugi\u0161ka aplinkai!<\/p>\n<p>U\u017eaugusius mikro\u017ealumynus galite pasiimti su savimi stovyklaujant ar keliaujant \u012f gamt\u0105. Taip gal\u0117site praturtinti savo maist\u0105 vertingais vitaminais, mineralais ir kitomis maistin\u0117mis med\u017eiagomis.<\/p>\n<p>Rinkinys taip pat tilps \u012f kemper\u012f, valt\u012f ar kemper\u012f: tai lankstus ir i\u0161tikimas j\u016bs\u0173 kelion\u0117s palydovas ir sveikos mitybos sprendimas, kad ir kur b\u016btum\u0117te. Taigi \u0161vie\u017eias supermaistas ir atostogos neb\u0117ra tarpusavyje nesuderinami.<\/p>\n<p>Ma\u017ei supermaisto auginimo rinkiniai yra ne tik puikus palydovas \u0161iltomis dienomis: ve\u0161li \u017ealuma slidin\u0117jimo namelyje ar per Kal\u0117das, \u0161vie\u017eiai pabarstytas sotus patiekalas, \u0161iek tiek lengvesnis ir a\u0161tresnis.<\/p>\n<p>D\u0117l savo subtilios tekst\u016bros ir intensyvaus skonio mikro\u017ealumynai ne tik gerai atrodo, bet ir suteikia j\u016bs\u0173 virtuv\u0117s k\u016briniams tam tikro kulinarinio subtilumo. \u0160ie ma\u017ei augalai yra pilni galing\u0173 gyvybi\u0161kai svarbi\u0173 med\u017eiag\u0173, juose yra daug kart\u0173 daugiau vitamin\u0173, mineral\u0173 ir maistini\u0173 med\u017eiag\u0173 nei suaugusiose dar\u017eov\u0117se.<\/p>\n<p><strong>Auginti mikro\u017ealumynus labai paprasta:<\/strong><br \/>\nPripildykite porcelianin\u012f duben\u012f vandeniu iki \u017eymos. Ant ner\u016bdijan\u010dio plieno \u012fd\u0117klo u\u017ed\u0117kite du s\u0117kl\u0173 padelius ir \u012fd\u0117kite j\u012f \u012f porcelianin\u012f duben\u012f. U\u017edenkite s\u0117kl\u0173 padelius dviem pridedamais kartoniniais auginimo dang\u010diais. Jie apsaugo s\u0117klas nuo \u0161viesos ir sukuria optimal\u0173 mikroklimat\u0105, ideal\u0173 sodinuk\u0173 augimui palaikyti. Dabar laikas atsipalaiduoti ir palikiti mikro\u017ealumynus u\u017edengtus kambario temperat\u016broje bent 3 dienoms ir leisti jiems ramiai dygti. Kai mikro\u017ealumynai tik nustumia dang\u010dius, da\u017eniausiai po 3 \u2013 4 dien\u0173, galite juos visi\u0161kai nuimti, kad augalai gaut\u0173 saul\u0117s spinduli\u0173 ir prad\u0117t\u0173 \u017ealiuoti. Po 5 \u2013 7 dien\u0173 galite nuimti derli\u0173 ir m\u0117gautis savo mikro\u017ealumynais.<\/p>\n<p>Eleganti\u0161kas ir kompakti\u0161kas porcelianinis daiginimo dubuo tinkamas plauti indaplov\u0117je ir traukia ak\u012f ant bet kurio stalo ar palang\u0117s. \u0160is virtuv\u0117s sodas padeda kurti kulinarinius malonumus \u012fdedant minimalias pastangas.<\/p>\n<p>Visi Heimgart komponentai \u2013 nuo daiginimo duben\u0117lio iki s\u0117kl\u0173 pad\u0117klo \u2013 gaminami ir apdorojami Vokietijoje. S\u0117klos yra sertifikuotos ir ekologi\u0161kos, kaip ir visas s\u0117kl\u0173 padelis, pagamintas i\u0161 nat\u016bralaus neausto pluo\u0161to.<\/p>\n<p><strong>Apie produkt\u0105:<\/strong><br \/>\nSvoris: 16 g<br \/>\nDydis: 12 x 8.5 x 6 cm<\/p>\n<p><strong>\u012e rinkin\u012f \u012feina:<\/strong><br \/>\n1x vienkartinis dubuo<br \/>\n1x sertifikuoti ekologi\u0161ki s\u0117kl\u0173 padeliai \u012fskaitant auginimo dang\u010dius<\/p>\n<p><strong>Prie\u017ei\u016bros patarimai:<\/strong><br \/>\nVienkartin\u012f duben\u012f ir s\u0117kl\u0173 pagalv\u0117les galima kompostuoti arba i\u0161mesti \u012f organini\u0173 atliek\u0173 konteiner\u012f.<\/p>\n<p><strong>Derliaus nu\u0117mimo patarimai:<\/strong><br \/>\nNuimkite derli\u0173 ir m\u0117gaukit\u0117s visi\u0161kai u\u017eaugusiais mikro\u017ealumynais per kelias dienas.<br \/>\nKadangi tai jauni daigai, vartokite tik vir\u0161 \u0161aknies.<\/p>","protected":false},"excerpt":{"rendered":"<p>Bandomasis vienkartinio duben\u0117lio rinkinys: tvarus ir prieinamas b\u016bdas i\u0161bandyti m\u016bs\u0173 ekologi\u0161kai sertifikuot\u0173 ir maisting\u0173 mikro\u017ealumyn\u0173 auginim\u0105. Taip pat, jis puikiai tinka pasiimti \u012f kelion\u0119! Rinkin\u012f sudaro vienkartinis duben\u0117lis ir pasirinktas s\u0117kl\u0173 padelis.<\/p>","protected":false},"featured_media":1174,"comment_status":"open","ping_status":"closed","template":"","meta":[],"etheme_brands":[{"term_id":28,"name":"Heimgart","slug":"heimgart","term_group":0,"term_taxonomy_id":28,"taxonomy":"brand","description":"","parent":0,"count":16,"filter":"raw"}],"product_brand":[],"product_cat":[27],"product_tag":[30,29],"class_list":{"0":"post-1149","1":"product","2":"type-product","3":"status-publish","4":"has-post-thumbnail","6":"brand-heimgart","7":"product_cat-starter-kits","8":"product_tag-heimgart","9":"product_tag-starter-kit","10":"product_shipping_class-small","12":"first","13":"instock","14":"shipping-taxable","15":"purchasable","16":"product-type-variable","17":"has-default-attributes"},"jetpack_sharing_enabled":true,"_links":{"self":[{"href":"https:\/\/microplants.lt\/lt\/wp-json\/wp\/v2\/product\/1149","targetHints":{"allow":["GET"]}}],"collection":[{"href":"https:\/\/microplants.lt\/lt\/wp-json\/wp\/v2\/product"}],"about":[{"href":"https:\/\/microplants.lt\/lt\/wp-json\/wp\/v2\/types\/product"}],"replies":[{"embeddable":true,"href":"https:\/\/microplants.lt\/lt\/wp-json\/wp\/v2\/comments?post=1149"}],"version-history":[{"count":9,"href":"https:\/\/microplants.lt\/lt\/wp-json\/wp\/v2\/product\/1149\/revisions"}],"predecessor-version":[{"id":1154,"href":"https:\/\/microplants.lt\/lt\/wp-json\/wp\/v2\/product\/1149\/revisions\/1154"}],"wp:featuredmedia":[{"embeddable":true,"href":"https:\/\/microplants.lt\/lt\/wp-json\/wp\/v2\/media\/1174"}],"wp:attachment":[{"href":"https:\/\/microplants.lt\/lt\/wp-json\/wp\/v2\/media?parent=1149"}],"wp:term":[{"taxonomy":"brand","embeddable":true,"href":"https:\/\/microplants.lt\/lt\/wp-json\/wp\/v2\/etheme_brands?post=1149"},{"taxonomy":"product_brand","embeddable":true,"href":"https:\/\/microplants.lt\/lt\/wp-json\/wp\/v2\/product_brand?post=1149"},{"taxonomy":"product_cat","embeddable":true,"href":"https:\/\/microplants.lt\/lt\/wp-json\/wp\/v2\/product_cat?post=1149"},{"taxonomy":"product_tag","embeddable":true,"href":"https:\/\/microplants.lt\/lt\/wp-json\/wp\/v2\/product_tag?post=1149"}],"curies":[{"name":"wp","href":"https:\/\/api.w.org\/{rel}","templated":true}]}}