{"id":1209,"date":"2024-10-25T19:37:09","date_gmt":"2024-10-25T16:37:09","guid":{"rendered":"https:\/\/srv627418.hstgr.cloud\/?post_type=product&#038;p=1209"},"modified":"2025-06-24T18:16:20","modified_gmt":"2025-06-24T15:16:20","slug":"starter-kit","status":"publish","type":"product","link":"https:\/\/microplants.lt\/lt\/produktas\/starter-kit\/","title":{"rendered":"Pradinis Rinkinys"},"content":{"rendered":"<p><strong>Apra\u0161ymas:<\/strong><br \/>\nPradiniame rinkinyje yra viskas ko reikia norint prad\u0117ti auginti mikro\u017ealumynus: Seltmann Weiden porcelianinis dubuo ir ner\u016bdijan\u010dio plieno \u012fd\u0117klas. O kad i\u0161 karto gal\u0117tum\u0117te prad\u0117ti auginti sveikus mikro\u017ealumynus, \u012f pradin\u012f rinkin\u012f \u012ftrauktos dvi ekologi\u0161kai sertifikuotos s\u0117klos (gar\u017egarst\u0117 ir pipirin\u0117).<\/p>\n<p>Sudr\u0117kinti s\u0117kl\u0173 padeliai pradeda krauti ma\u017ey\u010dius lapelius vos per kelias dienas. Ar kaip ingredientas, arba kaip puo\u0161mena, jauni daigai suteikia l\u0117k\u0161t\u0117je \u012fvairov\u0117s, k\u016brybi\u0161kumo ir gaivumo.<\/p>\n<p><strong>Auginti mikro\u017ealumynus labai paprasta:<\/strong><br \/>\nPripildykite porcelianin\u012f duben\u012f vandeniu iki \u017eymos. Ant ner\u016bdijan\u010dio plieno \u012fd\u0117klo u\u017ed\u0117kite du s\u0117kl\u0173 padelius ir \u012fd\u0117kite j\u012f \u012f porcelianin\u012f duben\u012f. U\u017edenkite s\u0117kl\u0173 padelius dviem pridedamais kartoniniais auginimo dang\u010diais. Jie apsaugo s\u0117klas nuo \u0161viesos ir sukuria optimal\u0173 mikroklimat\u0105, ideal\u0173 sodinuk\u0173 augimui palaikyti. Dabar laikas atsipalaiduoti ir palikiti mikro\u017ealumynus u\u017edengtus kambario temperat\u016broje bent 3 dienoms ir leisti jiems ramiai dygti. Kai mikro\u017ealumynai tik nustumia dang\u010dius, da\u017eniausiai po 3 \u2013 4 dien\u0173, galite juos visi\u0161kai nuimti, kad augalai gaut\u0173 saul\u0117s spinduli\u0173 ir prad\u0117t\u0173 \u017ealiuoti. Po 5 \u2013 7 dien\u0173 galite nuimti derli\u0173 ir m\u0117gautis savo mikro\u017ealumynais.<\/p>\n<p>Eleganti\u0161kas ir kompakti\u0161kas porcelianinis daiginimo dubuo tinkamas plauti indaplov\u0117je ir traukia ak\u012f ant bet kurio stalo ar palang\u0117s. \u0160is virtuv\u0117s sodas padeda kurti kulinarinius malonumus \u012fdedant minimalias pastangas.<\/p>\n<p>Visi Heimgart komponentai \u2013 nuo daiginimo duben\u0117lio iki s\u0117kl\u0173 pad\u0117klo \u2013 gaminami ir apdorojami Vokietijoje. S\u0117klos yra sertifikuotos ir ekologi\u0161kos, kaip ir visas s\u0117kl\u0173 padelis, pagamintas i\u0161 nat\u016bralaus neausto pluo\u0161to.<\/p>\n<p><strong>Apie produkt\u0105:<\/strong><br \/>\nSvoris: 1.4 kg<br \/>\nDydis: 17.6 x 13.4 x 6 cm<\/p>\n<p><strong>\u012e rinkin\u012f \u012feina:<\/strong><br \/>\n1x porcelianinis dubuo,<br \/>\n1x ner\u016bdijan\u010dio plieno \u012fd\u0117klas,<br \/>\n1x instrukcija,<br \/>\n2x sertifikuoti ekologi\u0161ki s\u0117kl\u0173 padeliai \u012fskaitant auginimo dang\u010dius.<\/p>\n<p><strong>Valymo patarimai:<\/strong><br \/>\nPorcelianinis dubuo ir ner\u016bdijan\u010dio plieno \u012fdeklas yra tinkami plauti indaplov\u0117je ir yra skirti daugkartiniam naudojimui.<br \/>\nS\u0117kl\u0173 padelius galima kompostuoti arba i\u0161mesti kaip organines atliekas.<\/p>\n<p><strong>Derliaus nu\u0117mimo patarimai:<\/strong><br \/>\nNuimkite derli\u0173 ir m\u0117gaukit\u0117s visi\u0161kai u\u017eaugusiais mikro\u017ealumynais per kelias dienas.<br \/>\nKadangi tai jauni daigai, vartokite tik vir\u0161 \u0161aknies.<\/p>","protected":false},"excerpt":{"rendered":"<p>Naudodami m\u016bs\u0173 Pradin\u012f Mikro\u017ealumyn\u0173 Rinkin\u012f gausite visk\u0105 ko reikia, kad u\u017esiaugintum\u0117te savo mikro\u017ealumynus: porcelianin\u012f duben\u012f i\u0161 gamintojo \"Seltmann Weiden\", ner\u016bdijan\u010dio plieno \u012fd\u0117kl\u0105 ir du sertifikuotus ekologi\u0161k\u0173 s\u0117kl\u0173 padelius (DE-\u00d6KO-070) i\u0161 gar\u017egars\u010di\u0173 ir pipirn\u0117s veisli\u0173, taip pat ma\u017eas vadovas, kaip auginti savo mikro\u017ealumynus.<\/p>","protected":false},"featured_media":1216,"comment_status":"open","ping_status":"closed","template":"","meta":[],"etheme_brands":[{"term_id":28,"name":"Heimgart","slug":"heimgart","term_group":0,"term_taxonomy_id":28,"taxonomy":"brand","description":"","parent":0,"count":16,"filter":"raw"}],"product_brand":[],"product_cat":[27],"product_tag":[30,29],"class_list":{"0":"post-1209","1":"product","2":"type-product","3":"status-publish","4":"has-post-thumbnail","6":"brand-heimgart","7":"product_cat-starter-kits","8":"product_tag-heimgart","9":"product_tag-starter-kit","10":"product_shipping_class-small","12":"first","13":"instock","14":"shipping-taxable","15":"purchasable","16":"product-type-simple"},"jetpack_sharing_enabled":true,"_links":{"self":[{"href":"https:\/\/microplants.lt\/lt\/wp-json\/wp\/v2\/product\/1209","targetHints":{"allow":["GET"]}}],"collection":[{"href":"https:\/\/microplants.lt\/lt\/wp-json\/wp\/v2\/product"}],"about":[{"href":"https:\/\/microplants.lt\/lt\/wp-json\/wp\/v2\/types\/product"}],"replies":[{"embeddable":true,"href":"https:\/\/microplants.lt\/lt\/wp-json\/wp\/v2\/comments?post=1209"}],"version-history":[{"count":2,"href":"https:\/\/microplants.lt\/lt\/wp-json\/wp\/v2\/product\/1209\/revisions"}],"predecessor-version":[{"id":1708,"href":"https:\/\/microplants.lt\/lt\/wp-json\/wp\/v2\/product\/1209\/revisions\/1708"}],"wp:featuredmedia":[{"embeddable":true,"href":"https:\/\/microplants.lt\/lt\/wp-json\/wp\/v2\/media\/1216"}],"wp:attachment":[{"href":"https:\/\/microplants.lt\/lt\/wp-json\/wp\/v2\/media?parent=1209"}],"wp:term":[{"taxonomy":"brand","embeddable":true,"href":"https:\/\/microplants.lt\/lt\/wp-json\/wp\/v2\/etheme_brands?post=1209"},{"taxonomy":"product_brand","embeddable":true,"href":"https:\/\/microplants.lt\/lt\/wp-json\/wp\/v2\/product_brand?post=1209"},{"taxonomy":"product_cat","embeddable":true,"href":"https:\/\/microplants.lt\/lt\/wp-json\/wp\/v2\/product_cat?post=1209"},{"taxonomy":"product_tag","embeddable":true,"href":"https:\/\/microplants.lt\/lt\/wp-json\/wp\/v2\/product_tag?post=1209"}],"curies":[{"name":"wp","href":"https:\/\/api.w.org\/{rel}","templated":true}]}}