{"id":1218,"date":"2024-10-25T19:43:29","date_gmt":"2024-10-25T16:43:29","guid":{"rendered":"https:\/\/srv627418.hstgr.cloud\/?post_type=product&#038;p=1218"},"modified":"2026-01-28T06:40:08","modified_gmt":"2026-01-28T03:40:08","slug":"combi-kit","status":"publish","type":"product","link":"https:\/\/microplants.lt\/lt\/produktas\/combi-kit\/","title":{"rendered":"Kombinuotas Rinkinys"},"content":{"rendered":"<p><strong>Apra\u0161ymas:<\/strong><br \/>\nPradiniame rinkinyje yra viskas ko reikia norint prad\u0117ti auginti mikro\u017ealumynus: Seltmann Weiden porcelianinis dubuo ir ner\u016bdijan\u010dio plieno \u012fd\u0117klas. O kad i\u0161 karto gal\u0117tum\u0117te prad\u0117ti auginti sveikus mikro\u017ealumynus, \u012f pradin\u012f rinkin\u012f \u012ftrauktas m\u016bs\u0173 ekologi\u0161kai sertifikuotas s\u0117kl\u0173 padeli\u0173 rinkinys.<\/p>\n<p>Naudodami m\u016bs\u0173 s\u0117kl\u0173 padeli\u0173 rinkin\u012f gal\u0117site paragauti vis\u0173 skirting\u0173 mikro\u017ealumyn\u0173 veisli\u0173: pipirin\u0117s, kaliarop\u0117s, garsty\u010di\u0173, brokoli\u0173, rukolos, raudonojo kop\u016bsto ir dviej\u0173 r\u016b\u0161i\u0173 ridik\u0117li\u0173 mikro\u017ealumyn\u0173. M\u016bs\u0173 mikro\u017ealumyn\u0173 skonis svyruoja nuo \u0161velni\u0173 brokoli\u0173 iki a\u0161tri\u0173 garsty\u010di\u0173 ir puikiai tinka prie \u012fvairi\u0173 patiekal\u0173.<\/p>\n<p>Palaistyti s\u0117kl\u0173 padeliai pradeda krauti ma\u017ey\u010dius lapelius vos per kelias dienas. Ar kaip ingredientas, arba kaip puo\u0161mena, jauni daigai suteikia l\u0117k\u0161t\u0117je \u012fvairov\u0117s, k\u016brybi\u0161kumo ir gaivumo. Su tokiomis veisl\u0117mis kaip pipirin\u0117, kaliarop\u0117, garsty\u010dios, brokoliai, rukola, raudonasis kop\u016bstas ir dviej\u0173 r\u016b\u0161i\u0173 ridik\u0117liai, garantuojame, kad rasite ka\u017ek\u0105 kiekvienam skoniui.<\/p>\n<p><strong>Auginti mikro\u017ealumynus labai paprasta:<\/strong><br \/>\nPripildykite porcelianin\u012f duben\u012f vandeniu iki \u017eymos. Ant ner\u016bdijan\u010dio plieno \u012fd\u0117klo u\u017ed\u0117kite du s\u0117kl\u0173 padelius ir \u012fd\u0117kite j\u012f \u012f porcelianin\u012f duben\u012f. U\u017edenkite s\u0117kl\u0173 padelius dviem pridedamais kartoniniais auginimo dang\u010diais. Jie apsaugo s\u0117klas nuo \u0161viesos ir sukuria optimal\u0173 mikroklimat\u0105, ideal\u0173 sodinuk\u0173 augimui palaikyti. Dabar laikas atsipalaiduoti ir palikiti mikro\u017ealumynus u\u017edengtus kambario temperat\u016broje bent 3 dienoms ir leisti jiems ramiai dygti. Kai mikro\u017ealumynai tik nustumia dang\u010dius, da\u017eniausiai po 3 \u2013 4 dien\u0173, galite juos visi\u0161kai nuimti, kad augalai gaut\u0173 saul\u0117s spinduli\u0173 ir prad\u0117t\u0173 \u017ealiuoti. Po 5 \u2013 7 dien\u0173 galite nuimti derli\u0173 ir m\u0117gautis savo mikro\u017ealumynais.<\/p>\n<p>Eleganti\u0161kas ir kompakti\u0161kas porcelianinis daiginimo dubuo tinkamas plauti indaplov\u0117je ir traukia ak\u012f ant bet kurio stalo ar palang\u0117s. \u0160is virtuv\u0117s sodas padeda kurti kulinarinius malonumus \u012fdedant minimalias pastangas.<\/p>\n<p>Visi Heimgart komponentai \u2013 nuo daiginimo duben\u0117lio iki s\u0117kl\u0173 pad\u0117klo \u2013 gaminami ir apdorojami Vokietijoje. S\u0117klos yra sertifikuotos ir ekologi\u0161kos, kaip ir visas s\u0117kl\u0173 padelis, pagamintas i\u0161 nat\u016bralaus neausto pluo\u0161to.<\/p>\n<p>Nepriklausomai nuo to, ar naudojami kaip ingredientas, ar kaip papuo\u0161imas, jauni daigai suteikia \u012fvairov\u0117s, k\u016brybi\u0161kumo ir \u0161vie\u017eumo. Mikro\u017ealumynai suteikia ypating\u0105 skonio nat\u0105 salotoms, duonai, s\u016briui ar kokteiliams, o kaip papuo\u0161imas mikro\u017ealumynai pa\u012fvairina kiekvien\u0105 patiekal\u0105.<\/p>\n<p><strong>Apie produkt\u0105:<\/strong><br \/>\nSvoris: 1.4 kg<br \/>\nDydis: 17.6 x 13.4 x 6 cm<\/p>\n<p><strong>\u012e rinkin\u012f \u012feina:<\/strong><br \/>\n1x porcelianinis dubuo,<br \/>\n1x ner\u016bdijan\u010dio plieno \u012fd\u0117klas,<br \/>\n1x instrukcija,<br \/>\n8x sertifikuoti ekologi\u0161ki s\u0117kl\u0173 padeliai \u012fskaitant auginimo dang\u010dius.<\/p>\n<p><strong>Valymo patarimai:<\/strong><br \/>\nPorcelianinis dubuo ir ner\u016bdijan\u010dio plieno \u012fdeklas yra tinkami plauti indaplov\u0117je ir yra skirti daugkartiniam naudojimui.<br \/>\nS\u0117kl\u0173 padelius galima kompostuoti arba i\u0161mesti kaip organines atliekas.<\/p>\n<p><strong>Derliaus nu\u0117mimo patarimai:<\/strong><br \/>\nNuimkite derli\u0173 ir m\u0117gaukit\u0117s visi\u0161kai u\u017eaugusiais mikro\u017ealumynais per kelias dienas.<br \/>\nKadangi tai jauni daigai, vartokite tik vir\u0161 \u0161aknies.<\/p>","protected":false},"excerpt":{"rendered":"<p>Naudodami kombinuot\u0105 rinkin\u012f galite lengvai auginti mikro\u017ealumynus namuose ir i\u0161bandyti visas m\u016bs\u0173 mikro\u017ealumyn\u0173 veisles. J\u016bs gausite porcelianin\u012f duben\u012f i\u0161 gamintojo \"Seltmann Weiden\", ner\u016bdijan\u010dio plieno \u012fd\u0117kl\u0105 ir a\u0161tuonis sertifikuotus ekologi\u0161kus s\u0117kl\u0173 padelius (DE-\u00d6KO-070): pipirin\u0119, kaliarop\u0119, garsty\u010dias, brokolius, rukol\u0105, raudon\u0105j\u012f kop\u016bst\u0105 ir dviej\u0173 r\u016b\u0161i\u0173 ridik\u0117lius bei nedidel\u012f vadov\u0105, kaip auginti mikro\u017ealumynus.<\/p>","protected":false},"featured_media":1223,"comment_status":"open","ping_status":"closed","template":"","meta":[],"etheme_brands":[{"term_id":28,"name":"Heimgart","slug":"heimgart","term_group":0,"term_taxonomy_id":28,"taxonomy":"brand","description":"","parent":0,"count":16,"filter":"raw"}],"product_brand":[],"product_cat":[27],"product_tag":[30,29],"class_list":{"0":"post-1218","1":"product","2":"type-product","3":"status-publish","4":"has-post-thumbnail","6":"brand-heimgart","7":"product_cat-starter-kits","8":"product_tag-heimgart","9":"product_tag-starter-kit","10":"product_shipping_class-small","12":"first","13":"instock","14":"shipping-taxable","15":"purchasable","16":"product-type-simple"},"jetpack_sharing_enabled":true,"_links":{"self":[{"href":"https:\/\/microplants.lt\/lt\/wp-json\/wp\/v2\/product\/1218","targetHints":{"allow":["GET"]}}],"collection":[{"href":"https:\/\/microplants.lt\/lt\/wp-json\/wp\/v2\/product"}],"about":[{"href":"https:\/\/microplants.lt\/lt\/wp-json\/wp\/v2\/types\/product"}],"replies":[{"embeddable":true,"href":"https:\/\/microplants.lt\/lt\/wp-json\/wp\/v2\/comments?post=1218"}],"version-history":[{"count":2,"href":"https:\/\/microplants.lt\/lt\/wp-json\/wp\/v2\/product\/1218\/revisions"}],"predecessor-version":[{"id":1707,"href":"https:\/\/microplants.lt\/lt\/wp-json\/wp\/v2\/product\/1218\/revisions\/1707"}],"wp:featuredmedia":[{"embeddable":true,"href":"https:\/\/microplants.lt\/lt\/wp-json\/wp\/v2\/media\/1223"}],"wp:attachment":[{"href":"https:\/\/microplants.lt\/lt\/wp-json\/wp\/v2\/media?parent=1218"}],"wp:term":[{"taxonomy":"brand","embeddable":true,"href":"https:\/\/microplants.lt\/lt\/wp-json\/wp\/v2\/etheme_brands?post=1218"},{"taxonomy":"product_brand","embeddable":true,"href":"https:\/\/microplants.lt\/lt\/wp-json\/wp\/v2\/product_brand?post=1218"},{"taxonomy":"product_cat","embeddable":true,"href":"https:\/\/microplants.lt\/lt\/wp-json\/wp\/v2\/product_cat?post=1218"},{"taxonomy":"product_tag","embeddable":true,"href":"https:\/\/microplants.lt\/lt\/wp-json\/wp\/v2\/product_tag?post=1218"}],"curies":[{"name":"wp","href":"https:\/\/api.w.org\/{rel}","templated":true}]}}