{"id":1225,"date":"2024-10-25T19:48:03","date_gmt":"2024-10-25T16:48:03","guid":{"rendered":"https:\/\/srv627418.hstgr.cloud\/?post_type=product&#038;p=1225"},"modified":"2026-03-19T16:18:14","modified_gmt":"2026-03-19T13:18:14","slug":"gift-kit","status":"publish","type":"product","link":"https:\/\/microplants.lt\/lt\/produktas\/gift-kit\/","title":{"rendered":"Dovan\u0173 Rinkinys"},"content":{"rendered":"<p><strong>Apra\u0161ymas:<\/strong><br \/>\n\u0160iame dovan\u0173 rinkinyje yra m\u016bs\u0173 pradinis rinkinys ir de\u0161imt mikro\u017ealumyn\u0173 s\u0117kl\u0173 padeli\u0173: 2x ridik\u0117liai, 2x raudonasis kop\u016bstas, 2x garsty\u010dios, 1x brokoliai, 1x raudonieji ridik\u0117liai, 1x pipirin\u0117, 1x rukola ir viskas yra supakuota \u012f gra\u017ei\u0105 dovan\u0173 d\u0117\u017eut\u0119. Tai puiki ir tvari dovanos id\u0117ja kambarin\u0117s sodininkyst\u0117s gerb\u0117jams ir visiems m\u0117gstantiems sveikai ir skaniai maitintis.<\/p>\n<p>Rinkinys puikiai tinka ir neturintiems joki\u0173 sodininkyst\u0117s \u012fg\u016bd\u017ei\u0173: tiesiog pripildykite porcelianin\u012f duben\u012f vandeniu ir u\u017ed\u0117kite du s\u0117kl\u0173 padelius ant ner\u016bdijan\u010dio plieno \u012fd\u0117klo. Visa kita mikro\u017ealumynai padaro patys. Po penki\u0173 ar septyni\u0173 dien\u0173 daigai yra paruo\u0161ti derliui. Beje, dubuo ir \u012fd\u0117klas yra visi\u0161kai be plastiko ir tinkami plauti indaplov\u0117je.<\/p>\n<p>Mikro\u017ealumynai puikiai tinka ant duonos, pada\u017euose, su lydytu s\u016briu ir suteikia kokteiliams, salotoms ar sriuboms ypatingo skonio \u2013 i\u0161laisvinkite savo k\u016brybi\u0161kum\u0105.<\/p>\n<p><strong>Auginti mikro\u017ealumynus labai paprasta:<\/strong><br \/>\nPripildykite porcelianin\u012f duben\u012f vandeniu iki \u017eymos. Ant ner\u016bdijan\u010dio plieno \u012fd\u0117klo u\u017ed\u0117kite du s\u0117kl\u0173 padelius ir \u012fd\u0117kite j\u012f \u012f porcelianin\u012f duben\u012f. U\u017edenkite s\u0117kl\u0173 padelius dviem pridedamais kartoniniais auginimo dang\u010diais. Jie apsaugo s\u0117klas nuo \u0161viesos ir sukuria optimal\u0173 mikroklimat\u0105, ideal\u0173 sodinuk\u0173 augimui palaikyti. Dabar laikas atsipalaiduoti ir palikiti mikro\u017ealumynus u\u017edengtus kambario temperat\u016broje bent 3 dienoms ir leisti jiems ramiai dygti. Kai mikro\u017ealumynai tik nustumia dang\u010dius, da\u017eniausiai po 3 \u2013 4 dien\u0173, galite juos visi\u0161kai nuimti, kad augalai gaut\u0173 saul\u0117s spinduli\u0173 ir prad\u0117t\u0173 \u017ealiuoti. Po 5 \u2013 7 dien\u0173 galite nuimti derli\u0173 ir m\u0117gautis savo mikro\u017ealumynais.<\/p>\n<p>Eleganti\u0161kas ir kompakti\u0161kas porcelianinis daiginimo dubuo tinkamas plauti indaplov\u0117je ir traukia ak\u012f ant bet kurio stalo ar palang\u0117s. \u0160is virtuv\u0117s sodas padeda kurti kulinarinius malonumus \u012fdedant minimalias pastangas.<\/p>\n<p>Visi Heimgart komponentai \u2013 nuo daiginimo duben\u0117lio iki s\u0117kl\u0173 pad\u0117klo \u2013 gaminami ir apdorojami Vokietijoje. S\u0117klos yra sertifikuotos ir ekologi\u0161kos, kaip ir visas s\u0117kl\u0173 padelis, pagamintas i\u0161 nat\u016bralaus neausto pluo\u0161to. Indelio i\u0161matavimai yra 176x134x60mm.<\/p>\n<p><strong>Apie produkt\u0105:<\/strong><br \/>\nSvoris: 1.4 kg<br \/>\nDydis: 17.6 x 13.4 x 6 cm<\/p>\n<p><strong>\u012e rinkin\u012f \u012feina:<\/strong><br \/>\n1x porcelianinis dubuo,<br \/>\n1x ner\u016bdijan\u010dio plieno \u012fd\u0117klas,<br \/>\n1x instrukcija,<br \/>\n1x dovan\u0173 d\u0117\u017eut\u0117,<br \/>\n10x sertifikuoti ekologi\u0161ki s\u0117kl\u0173 padeliai \u012fskaitant auginimo dang\u010dius.<\/p>\n<p><strong>Valymo patarimai:<\/strong><br \/>\nPorcelianinis dubuo ir ner\u016bdijan\u010dio plieno \u012fdeklas yra tinkami plauti indaplov\u0117je ir yra skirti daugkartiniam naudojimui.<br \/>\nS\u0117kl\u0173 padelius galima kompostuoti arba i\u0161mesti kaip organines atliekas.<\/p>\n<p><strong>Derliaus nu\u0117mimo patarimai:<\/strong><br \/>\nNuimkite derli\u0173 ir m\u0117gaukit\u0117s visi\u0161kai u\u017eaugusiais mikro\u017ealumynais per kelias dienas.<br \/>\nKadangi tai jauni daigai, vartokite tik vir\u0161 \u0161aknies.<\/p>","protected":false},"excerpt":{"rendered":"<p>Niekas nepranoks \u0161vie\u017ei\u0173 \u017ealumyn\u0173! Palepinkite save arba savo artimuosius \u0161ia tvaria dovana!<\/p>\n<p>Be pradinio rinkinio (porcelianinis dubuo su ner\u016bdijan\u010dio plieno atrama), dovan\u0173 rinkinyje yra de\u0161imt sertifikuot\u0173 ekologi\u0161k\u0173 mikro\u017ealumyn\u0173 s\u0117kl\u0173 padeli\u0173 ir m\u016bs\u0173 gra\u017eioji dovan\u0173 d\u0117\u017eut\u0117.<\/p>\n<p>Dovan\u0173 serijos mikro\u017ealumyn\u0173 veisl\u0117s: 2x ridik\u0117liai, 2x raudonasis kop\u016bstas, 2x garsty\u010dios, 1x brokoliai, 1x raudonieji ridik\u0117liai, 1x pipirin\u0117, 1x rukola \u2013 puikus \u0161velni\u0173 ir aromating\u0173 mikro\u017ealumyn\u0173 mi\u0161inys.<\/p>","protected":false},"featured_media":1230,"comment_status":"open","ping_status":"closed","template":"","meta":[],"etheme_brands":[{"term_id":28,"name":"Heimgart","slug":"heimgart","term_group":0,"term_taxonomy_id":28,"taxonomy":"brand","description":"","parent":0,"count":16,"filter":"raw"}],"product_brand":[],"product_cat":[27],"product_tag":[30,29],"class_list":{"0":"post-1225","1":"product","2":"type-product","3":"status-publish","4":"has-post-thumbnail","6":"brand-heimgart","7":"product_cat-starter-kits","8":"product_tag-heimgart","9":"product_tag-starter-kit","10":"product_shipping_class-small","12":"first","13":"instock","14":"shipping-taxable","15":"purchasable","16":"product-type-simple"},"jetpack_sharing_enabled":true,"_links":{"self":[{"href":"https:\/\/microplants.lt\/lt\/wp-json\/wp\/v2\/product\/1225","targetHints":{"allow":["GET"]}}],"collection":[{"href":"https:\/\/microplants.lt\/lt\/wp-json\/wp\/v2\/product"}],"about":[{"href":"https:\/\/microplants.lt\/lt\/wp-json\/wp\/v2\/types\/product"}],"replies":[{"embeddable":true,"href":"https:\/\/microplants.lt\/lt\/wp-json\/wp\/v2\/comments?post=1225"}],"version-history":[{"count":4,"href":"https:\/\/microplants.lt\/lt\/wp-json\/wp\/v2\/product\/1225\/revisions"}],"predecessor-version":[{"id":2085,"href":"https:\/\/microplants.lt\/lt\/wp-json\/wp\/v2\/product\/1225\/revisions\/2085"}],"wp:featuredmedia":[{"embeddable":true,"href":"https:\/\/microplants.lt\/lt\/wp-json\/wp\/v2\/media\/1230"}],"wp:attachment":[{"href":"https:\/\/microplants.lt\/lt\/wp-json\/wp\/v2\/media?parent=1225"}],"wp:term":[{"taxonomy":"brand","embeddable":true,"href":"https:\/\/microplants.lt\/lt\/wp-json\/wp\/v2\/etheme_brands?post=1225"},{"taxonomy":"product_brand","embeddable":true,"href":"https:\/\/microplants.lt\/lt\/wp-json\/wp\/v2\/product_brand?post=1225"},{"taxonomy":"product_cat","embeddable":true,"href":"https:\/\/microplants.lt\/lt\/wp-json\/wp\/v2\/product_cat?post=1225"},{"taxonomy":"product_tag","embeddable":true,"href":"https:\/\/microplants.lt\/lt\/wp-json\/wp\/v2\/product_tag?post=1225"}],"curies":[{"name":"wp","href":"https:\/\/api.w.org\/{rel}","templated":true}]}}