{"id":1287,"date":"2024-10-25T21:08:38","date_gmt":"2024-10-25T18:08:38","guid":{"rendered":"https:\/\/srv627418.hstgr.cloud\/?post_type=product&#038;p=1287"},"modified":"2025-02-05T17:24:33","modified_gmt":"2025-02-05T14:24:33","slug":"red-cabbage-seed-pad","status":"publish","type":"product","link":"https:\/\/microplants.lt\/lt\/produktas\/red-cabbage-seed-pad\/","title":{"rendered":"Raudon\u0173j\u0173 Kop\u016bst\u0173 S\u0117kl\u0173 Padelis"},"content":{"rendered":"<p><strong>Apra\u0161ymas:<\/strong><br \/>\nRaudon\u0173j\u0173 kop\u016bst\u0173 mikro\u017ealumynai turi puik\u0173, aromating\u0105 skon\u012f, juose gausu vitamin\u0173 ir mineral\u0173, o d\u0117l ry\u0161ki\u0173 raudon\u0173 atspalvi\u0173 ypatingai traukia ak\u012f.<\/p>\n<p>Ekologi\u0161kai sertifikuoti s\u0117kl\u0173 padeliai gaminami i\u0161skirtinai Heimgart sodininkyst\u0117s sistemai. Padeliai susideda i\u0161 nat\u016bralaus pluo\u0161to pagalv\u0117li\u0173 ir ekologi\u0161k\u0173 s\u0117kl\u0173, kurios yra pritvirtintos nat\u016braliomis ri\u0161amosiomis med\u017eiagomis. Jei s\u0117klos atsipalaiduoja i\u0161pakavus, tai n\u0117ra problema: tiesiog paskleiskite jas ant s\u0117kl\u0173 padelio prie\u0161 u\u017edengdami auginimo dangteliais.<\/p>\n<p>Naudojant Pradin\u012f Mikro\u017ealumyn\u0173 Rinkin\u012f ir s\u0117kl\u0173 padelius, prad\u0117ti auginti mikro\u017ealumynus prireiks vos keli\u0173 minu\u010di\u0173. \u012ed\u0117jus du s\u0117kl\u0173 padelius \u012f porcelianin\u012f duben\u012f ir pripild\u017eius vandens, jau po keli\u0173 dien\u0173 i\u0161dygsta pirmieji jauni lapeliai, kurie j\u016bs\u0173 patiekalams suteiks \u012fvairov\u0117s ir sveik\u0173 skoni\u0173!<\/p>\n<p><strong>Auginti mikro\u017ealumynus labai paprasta:<\/strong><br \/>\nPripildykite porcelianin\u012f duben\u012f vandeniu iki \u017eymos. Ant ner\u016bdijan\u010dio plieno \u012fd\u0117klo u\u017ed\u0117kite du s\u0117kl\u0173 padelius ir \u012fd\u0117kite j\u012f \u012f porcelianin\u012f duben\u012f. U\u017edenkite s\u0117kl\u0173 padelius dviem pridedamais kartoniniais auginimo dang\u010diais. Jie apsaugo s\u0117klas nuo \u0161viesos ir sukuria optimal\u0173 mikroklimat\u0105, ideal\u0173 sodinuk\u0173 augimui palaikyti. Dabar laikas atsipalaiduoti ir palikiti mikro\u017ealumynus u\u017edengtus kambario temperat\u016broje bent 3 dienoms ir leisti jiems ramiai dygti. Kai mikro\u017ealumynai tik nustumia dang\u010dius, da\u017eniausiai po 3 \u2013 4 dien\u0173, galite juos visi\u0161kai nuimti, kad augalai gaut\u0173 saul\u0117s spinduli\u0173 ir prad\u0117t\u0173 \u017ealiuoti. Po 5 \u2013 7 dien\u0173 galite nuimti derli\u0173 ir m\u0117gautis savo mikro\u017ealumynais.<\/p>\n<p>Eleganti\u0161kas ir kompakti\u0161kas porcelianinis daiginimo dubuo tinkamas plauti indaplov\u0117je ir traukia ak\u012f ant bet kurio stalo ar palang\u0117s. \u0160is virtuv\u0117s sodas padeda kurti kulinarinius malonumus \u012fdedant minimalias pastangas.<\/p>\n<p>Visi Heimgart komponentai \u2013 nuo daiginimo duben\u0117lio iki s\u0117kl\u0173 pad\u0117klo \u2013 gaminami ir apdorojami Vokietijoje. S\u0117klos yra sertifikuotos ir ekologi\u0161kos, kaip ir visas s\u0117kl\u0173 padelis, pagamintas i\u0161 nat\u016bralaus neausto pluo\u0161to.<\/p>\n<p><strong>Apie produkt\u0105:<\/strong><br \/>\nSvoris: 30 g<br \/>\nDydis: 17.5 x 7.5 cm<\/p>\n<p><strong>\u012e rinkin\u012f \u012feina:<\/strong><br \/>\n1x sertifikuoti ekologi\u0161ki s\u0117kl\u0173 padeliai,<br \/>\n1x auginimo dang\u010diai \u012fskaitant instrukcijas.<\/p>\n<p><strong>Laikymo patarimai:<\/strong><br \/>\nS\u0117kl\u0173 padelius laikykite v\u0117sioje ir sausoje vietoje. Venkite tiesiogini\u0173 saul\u0117s spinduli\u0173.<br \/>\nS\u0117kl\u0173 padelius galima kompostuoti arba i\u0161mesti kaip organines atliekas.<\/p>\n<p><strong>Derliaus nu\u0117mimo patarimai:<\/strong><br \/>\nNuimkite derli\u0173 ir m\u0117gaukit\u0117s visi\u0161kai u\u017eaugusiais mikro\u017ealumynais per kelias dienas.<br \/>\nKadangi tai jauni daigai, vartokite tik vir\u0161 \u0161aknies.<\/p>","protected":false},"excerpt":{"rendered":"<p>Raudon\u0173j\u0173 kop\u016bst\u0173 mikro\u017ealumynai turi puik\u0173, aromating\u0105 skon\u012f ir kiekvienam patiekalui suteikia papildomo gyvybingumo. Taip pat \u0161vie\u017ei mikro\u017ealumynai ne tik skan\u016bs, bet ir turi ypa\u010d daug maistini\u0173 med\u017eiag\u0173 bei d\u0117l ry\u0161ki\u0173 raudon\u0173 atspalvi\u0173 labai traukia ak\u012f.<\/p>","protected":false},"featured_media":1291,"comment_status":"open","ping_status":"closed","template":"","meta":[],"etheme_brands":[{"term_id":28,"name":"Heimgart","slug":"heimgart","term_group":0,"term_taxonomy_id":28,"taxonomy":"brand","description":"","parent":0,"count":16,"filter":"raw"}],"product_brand":[],"product_cat":[32],"product_tag":[30,33],"class_list":{"0":"post-1287","1":"product","2":"type-product","3":"status-publish","4":"has-post-thumbnail","6":"brand-heimgart","7":"product_cat-seed-pads","8":"product_tag-heimgart","9":"product_tag-seed-pad","10":"product_shipping_class-small","12":"first","13":"instock","14":"shipping-taxable","15":"purchasable","16":"product-type-simple"},"jetpack_sharing_enabled":true,"_links":{"self":[{"href":"https:\/\/microplants.lt\/lt\/wp-json\/wp\/v2\/product\/1287","targetHints":{"allow":["GET"]}}],"collection":[{"href":"https:\/\/microplants.lt\/lt\/wp-json\/wp\/v2\/product"}],"about":[{"href":"https:\/\/microplants.lt\/lt\/wp-json\/wp\/v2\/types\/product"}],"replies":[{"embeddable":true,"href":"https:\/\/microplants.lt\/lt\/wp-json\/wp\/v2\/comments?post=1287"}],"version-history":[{"count":4,"href":"https:\/\/microplants.lt\/lt\/wp-json\/wp\/v2\/product\/1287\/revisions"}],"predecessor-version":[{"id":1822,"href":"https:\/\/microplants.lt\/lt\/wp-json\/wp\/v2\/product\/1287\/revisions\/1822"}],"wp:featuredmedia":[{"embeddable":true,"href":"https:\/\/microplants.lt\/lt\/wp-json\/wp\/v2\/media\/1291"}],"wp:attachment":[{"href":"https:\/\/microplants.lt\/lt\/wp-json\/wp\/v2\/media?parent=1287"}],"wp:term":[{"taxonomy":"brand","embeddable":true,"href":"https:\/\/microplants.lt\/lt\/wp-json\/wp\/v2\/etheme_brands?post=1287"},{"taxonomy":"product_brand","embeddable":true,"href":"https:\/\/microplants.lt\/lt\/wp-json\/wp\/v2\/product_brand?post=1287"},{"taxonomy":"product_cat","embeddable":true,"href":"https:\/\/microplants.lt\/lt\/wp-json\/wp\/v2\/product_cat?post=1287"},{"taxonomy":"product_tag","embeddable":true,"href":"https:\/\/microplants.lt\/lt\/wp-json\/wp\/v2\/product_tag?post=1287"}],"curies":[{"name":"wp","href":"https:\/\/api.w.org\/{rel}","templated":true}]}}