{"id":2020,"date":"2026-03-03T11:41:57","date_gmt":"2026-03-03T08:41:57","guid":{"rendered":"https:\/\/microplants.lt\/?post_type=product&#038;p=2020"},"modified":"2026-03-03T12:03:15","modified_gmt":"2026-03-03T09:03:15","slug":"turnip-seed-pad","status":"publish","type":"product","link":"https:\/\/microplants.lt\/lt\/produktas\/turnip-seed-pad\/","title":{"rendered":"Ropi\u0173 S\u0117kl\u0173 Padelis"},"content":{"rendered":"<p><strong>Apra\u0161ymas:<\/strong><br \/>\n<span dir=\"auto\">Naudodami m\u016bs\u0173\u00a0<\/span><span dir=\"auto\">ropi\u0173 s\u0117kl\u0173 padelius,<\/span><span dir=\"auto\"> \u012f savo virtuv\u0119 atne\u0161ite \u0161velni\u0105 mikro\u017ealumyn\u0173 r\u016b\u0161\u012f, puikiai tinkan\u010di\u0105 tiems, kurie m\u0117gsta a\u0161trius skonius, bet ne per daug a\u0161trius. Ropi\u0173 mikro\u017ealumynai \u017eavi savo subtilaus saldumo ir \u0161velnaus a\u0161trumo deriniu \u2013 jie idealiai tinka salotoms, sumu\u0161tiniams ar kaip dekoratyvinis papuo\u0161imas. D\u0117l savo \u0161velnios tekst\u016bros juos lengva derinti su kitais skoniais, nes jie neu\u017ego\u017eia j\u0173. Ropi\u0173 daigai, kaip ir kitos burok\u0117li\u0173 r\u016b\u0161ys, turi garsty\u010di\u0173 aliej\u0173, kurie gali tur\u0117ti antioksidacin\u012f poveik\u012f. Jie taip pat yra koncentruotos formos vitamin\u0173, mineral\u0173 ir fitochemini\u0173 med\u017eiag\u0173 \u0161altinis, tod\u0117l rop\u0117s yra puikus j\u016bs\u0173 mitybos papildas.<\/span><\/p>\n<p>Ekologi\u0161kai sertifikuoti s\u0117kl\u0173 padeliai gaminami i\u0161skirtinai Heimgart sodininkyst\u0117s sistemai. Padeliai susideda i\u0161 nat\u016bralaus pluo\u0161to pagalv\u0117li\u0173 ir ekologi\u0161k\u0173 s\u0117kl\u0173, kurios yra pritvirtintos nat\u016braliomis ri\u0161amosiomis med\u017eiagomis. Jei s\u0117klos atsipalaiduoja i\u0161pakavus, tai n\u0117ra problema: tiesiog paskleiskite jas ant s\u0117kl\u0173 padelio prie\u0161 u\u017edengdami auginimo dangteliais.<\/p>\n<p>Naudojant Pradin\u012f Mikro\u017ealumyn\u0173 Rinkin\u012f ir s\u0117kl\u0173 padelius, prad\u0117ti auginti mikro\u017ealumynus prireiks vos keli\u0173 minu\u010di\u0173. \u012ed\u0117jus du s\u0117kl\u0173 padelius \u012f porcelianin\u012f duben\u012f ir pripild\u017eius vandens, jau po keli\u0173 dien\u0173 i\u0161dygsta pirmieji jauni lapeliai, kurie j\u016bs\u0173 patiekalams suteiks \u012fvairov\u0117s ir sveik\u0173 skoni\u0173!<\/p>\n<p><strong>Auginti mikro\u017ealumynus labai paprasta:<\/strong><br \/>\nPripildykite porcelianin\u012f duben\u012f vandeniu iki \u017eymos. Ant ner\u016bdijan\u010dio plieno \u012fd\u0117klo u\u017ed\u0117kite du s\u0117kl\u0173 padelius ir \u012fd\u0117kite j\u012f \u012f porcelianin\u012f duben\u012f. U\u017edenkite s\u0117kl\u0173 padelius dviem pridedamais kartoniniais auginimo dang\u010diais. Jie apsaugo s\u0117klas nuo \u0161viesos ir sukuria optimal\u0173 mikroklimat\u0105, ideal\u0173 sodinuk\u0173 augimui palaikyti. Dabar laikas atsipalaiduoti ir palikiti mikro\u017ealumynus u\u017edengtus kambario temperat\u016broje bent 3 dienoms ir leisti jiems ramiai dygti. Kai mikro\u017ealumynai tik nustumia dang\u010dius, da\u017eniausiai po 3 \u2013 4 dien\u0173, galite juos visi\u0161kai nuimti, kad augalai gaut\u0173 saul\u0117s spinduli\u0173 ir prad\u0117t\u0173 \u017ealiuoti. Po 5 \u2013 7 dien\u0173 galite nuimti derli\u0173 ir m\u0117gautis savo mikro\u017ealumynais.<\/p>\n<p>Eleganti\u0161kas ir kompakti\u0161kas porcelianinis daiginimo dubuo tinkamas plauti indaplov\u0117je ir traukia ak\u012f ant bet kurio stalo ar palang\u0117s. \u0160is virtuv\u0117s sodas padeda kurti kulinarinius malonumus \u012fdedant minimalias pastangas.<\/p>\n<p>Visi Heimgart komponentai \u2013 nuo daiginimo duben\u0117lio iki s\u0117kl\u0173 pad\u0117klo \u2013 gaminami ir apdorojami Vokietijoje. S\u0117klos yra sertifikuotos ir ekologi\u0161kos, kaip ir visas s\u0117kl\u0173 padelis, pagamintas i\u0161 nat\u016bralaus neausto pluo\u0161to.<\/p>\n<p><strong>Apie produkt\u0105:<\/strong><br \/>\nSvoris: 30 g<br \/>\nDydis: 17.5 x 7.5 cm<\/p>\n<p><strong>\u012e rinkin\u012f \u012feina:<\/strong><br \/>\n1x sertifikuoti ekologi\u0161ki s\u0117kl\u0173 padeliai,<br \/>\n1x auginimo dang\u010diai \u012fskaitant instrukcijas.<\/p>\n<p><strong>Laikymo patarimai:<\/strong><br \/>\nS\u0117kl\u0173 padelius laikykite v\u0117sioje ir sausoje vietoje. Venkite tiesiogini\u0173 saul\u0117s spinduli\u0173.<br \/>\nS\u0117kl\u0173 padelius galima kompostuoti arba i\u0161mesti kaip organines atliekas.<\/p>\n<p><strong>Derliaus nu\u0117mimo patarimai:<\/strong><br \/>\nNuimkite derli\u0173 ir m\u0117gaukit\u0117s visi\u0161kai u\u017eaugusiais mikro\u017ealumynais per kelias dienas.<br \/>\nKadangi tai jauni daigai, vartokite tik vir\u0161 \u0161aknies.<\/p>","protected":false},"excerpt":{"rendered":"<p>Ropi\u0173 mikro\u017ealumynai pasi\u017eymi subtilaus saldumo ir \u0161velnaus a\u0161trumo skoniu, tod\u0117l puikiai tinka tiems, kurie m\u0117gsta skon\u012f be pernelyg didelio a\u0161trumo. D\u0117l savo \u0161velnios tekst\u016bros jie idealiai tinka salotoms, sumu\u0161tiniams arba kaip dekoratyvinis papuo\u0161imas. \u0160ie jauni daigai yra turtingi vitamin\u0173, mineral\u0173 ir antioksidant\u0173 turin\u010di\u0173 garsty\u010di\u0173 aliej\u0173, tod\u0117l yra ne tik maistingi, bet ir universal\u016bs. Kad gal\u0117tum\u0117te m\u0117gautis \u0161vie\u017eiausiu skoniu, valgykite juos i\u0161kart po derliaus nu\u0117mimo.<\/p>","protected":false},"featured_media":2023,"comment_status":"open","ping_status":"closed","template":"","meta":[],"etheme_brands":[],"product_brand":[],"product_cat":[32],"product_tag":[30,33],"class_list":{"0":"post-2020","1":"product","2":"type-product","3":"status-publish","4":"has-post-thumbnail","6":"product_cat-seed-pads","7":"product_tag-heimgart","8":"product_tag-seed-pad","9":"product_shipping_class-small","11":"first","12":"instock","13":"shipping-taxable","14":"purchasable","15":"product-type-simple"},"jetpack_sharing_enabled":true,"_links":{"self":[{"href":"https:\/\/microplants.lt\/lt\/wp-json\/wp\/v2\/product\/2020","targetHints":{"allow":["GET"]}}],"collection":[{"href":"https:\/\/microplants.lt\/lt\/wp-json\/wp\/v2\/product"}],"about":[{"href":"https:\/\/microplants.lt\/lt\/wp-json\/wp\/v2\/types\/product"}],"replies":[{"embeddable":true,"href":"https:\/\/microplants.lt\/lt\/wp-json\/wp\/v2\/comments?post=2020"}],"version-history":[{"count":1,"href":"https:\/\/microplants.lt\/lt\/wp-json\/wp\/v2\/product\/2020\/revisions"}],"predecessor-version":[{"id":2027,"href":"https:\/\/microplants.lt\/lt\/wp-json\/wp\/v2\/product\/2020\/revisions\/2027"}],"wp:featuredmedia":[{"embeddable":true,"href":"https:\/\/microplants.lt\/lt\/wp-json\/wp\/v2\/media\/2023"}],"wp:attachment":[{"href":"https:\/\/microplants.lt\/lt\/wp-json\/wp\/v2\/media?parent=2020"}],"wp:term":[{"taxonomy":"brand","embeddable":true,"href":"https:\/\/microplants.lt\/lt\/wp-json\/wp\/v2\/etheme_brands?post=2020"},{"taxonomy":"product_brand","embeddable":true,"href":"https:\/\/microplants.lt\/lt\/wp-json\/wp\/v2\/product_brand?post=2020"},{"taxonomy":"product_cat","embeddable":true,"href":"https:\/\/microplants.lt\/lt\/wp-json\/wp\/v2\/product_cat?post=2020"},{"taxonomy":"product_tag","embeddable":true,"href":"https:\/\/microplants.lt\/lt\/wp-json\/wp\/v2\/product_tag?post=2020"}],"curies":[{"name":"wp","href":"https:\/\/api.w.org\/{rel}","templated":true}]}}