{"id":2028,"date":"2026-03-03T12:04:53","date_gmt":"2026-03-03T09:04:53","guid":{"rendered":"https:\/\/microplants.lt\/?post_type=product&#038;p=2028"},"modified":"2026-03-03T12:07:33","modified_gmt":"2026-03-03T09:07:33","slug":"mizuna-seed-pad","status":"publish","type":"product","link":"https:\/\/microplants.lt\/lt\/produktas\/mizuna-seed-pad\/","title":{"rendered":"Japoninio Bastu\u010dio (Mizuna) S\u0117kl\u0173 Padelis"},"content":{"rendered":"<p><strong>Apra\u0161ymas:<\/strong><br \/>\n<span dir=\"auto\">Jei ie\u0161kote mikro\u017ealumyn\u0173 su charakteriu,\u00a0<\/span><span dir=\"auto\">japoniniai bastu\u010diai (mizuna)<\/span><span dir=\"auto\">\u00a0yra b\u016btent tai, ko jums reikia. J\u0173 nepakartojamas aromatas su\u00a0\u00a0<\/span><span dir=\"auto\">a\u0161triu, vasabi primenan\u010diu prieskoniu<\/span><span dir=\"auto\"> juos paver\u010dia tikra puo\u0161mena su\u0161iuose, ramenuose ar azijieti\u0161kuose bouluose. Greitai augantys, tamsiai \u017eali ir turtingi vertingomis maistin\u0117mis med\u017eiagomis, jie yra b\u016btini visiems, kurie m\u0117gsta a\u0161trius patiekalus ir r\u016bpinasi sveik\u0105 mityb\u0105. Japoniniai bastu\u010diai (mizuna) priklauso kry\u017ema\u017eied\u017ei\u0173 dar\u017eovi\u0173 \u0161eimai \u2013 kaip garsty\u010dios, ridikai ir vasabi. \u0160i veisl\u0117 turi tipi\u0161k\u0105 a\u0161tr\u0173, garsty\u010di\u0173 skon\u012f, labai primenant\u012f \u0161vie\u017ei\u0105 vasabi. Jos yra intensyvios, bet ne pernelyg stiprios. U\u017e a\u0161traus skonio slypi tikras supermaistas: japoninio bastu\u010dio (mizuna) mikro\u017ealumynai yra ypa\u010d turtingi gele\u017eimi, kalciu, augaliniais baltymais ir vitaminais, tokiais kaip A, C ir K. \u0160is derinys stiprina imunin\u0119 sistem\u0105, kaul\u0173 strukt\u016br\u0105 ir l\u0105steli\u0173 regeneracij\u0105 \u2013 puikiai tinka aktyviam, sveikam gyvenimo b\u016bdui. Ar tai b\u016bt\u0173 su\u0161i, ramenas, keptas tofu ar kaip tra\u0161kus pagardas bulvi\u0173 patiekalams \u2013 japoninis bastutis (mizuna) suteikia \u012fdom\u0173 kontrast\u0105. \u0160is mini augalas taip pat puikiai papuo\u0161ia u\u017ekand\u017ei\u0173 l\u0117k\u0161t\u0119 arba aromating\u0105 \u017eoleli\u0173 sviest\u0105.<\/span><\/p>\n<p>Ekologi\u0161kai sertifikuoti s\u0117kl\u0173 padeliai gaminami i\u0161skirtinai Heimgart sodininkyst\u0117s sistemai. Padeliai susideda i\u0161 nat\u016bralaus pluo\u0161to pagalv\u0117li\u0173 ir ekologi\u0161k\u0173 s\u0117kl\u0173, kurios yra pritvirtintos nat\u016braliomis ri\u0161amosiomis med\u017eiagomis. Jei s\u0117klos atsipalaiduoja i\u0161pakavus, tai n\u0117ra problema: tiesiog paskleiskite jas ant s\u0117kl\u0173 padelio prie\u0161 u\u017edengdami auginimo dangteliais.<\/p>\n<p>Naudojant Pradin\u012f Mikro\u017ealumyn\u0173 Rinkin\u012f ir s\u0117kl\u0173 padelius, prad\u0117ti auginti mikro\u017ealumynus prireiks vos keli\u0173 minu\u010di\u0173. \u012ed\u0117jus du s\u0117kl\u0173 padelius \u012f porcelianin\u012f duben\u012f ir pripild\u017eius vandens, jau po keli\u0173 dien\u0173 i\u0161dygsta pirmieji jauni lapeliai, kurie j\u016bs\u0173 patiekalams suteiks \u012fvairov\u0117s ir sveik\u0173 skoni\u0173!<\/p>\n<p><strong>Auginti mikro\u017ealumynus labai paprasta:<\/strong><br \/>\nPripildykite porcelianin\u012f duben\u012f vandeniu iki \u017eymos. Ant ner\u016bdijan\u010dio plieno \u012fd\u0117klo u\u017ed\u0117kite du s\u0117kl\u0173 padelius ir \u012fd\u0117kite j\u012f \u012f porcelianin\u012f duben\u012f. U\u017edenkite s\u0117kl\u0173 padelius dviem pridedamais kartoniniais auginimo dang\u010diais. Jie apsaugo s\u0117klas nuo \u0161viesos ir sukuria optimal\u0173 mikroklimat\u0105, ideal\u0173 sodinuk\u0173 augimui palaikyti. Dabar laikas atsipalaiduoti ir palikiti mikro\u017ealumynus u\u017edengtus kambario temperat\u016broje bent 3 dienoms ir leisti jiems ramiai dygti. Kai mikro\u017ealumynai tik nustumia dang\u010dius, da\u017eniausiai po 3 \u2013 4 dien\u0173, galite juos visi\u0161kai nuimti, kad augalai gaut\u0173 saul\u0117s spinduli\u0173 ir prad\u0117t\u0173 \u017ealiuoti. Po 5 \u2013 7 dien\u0173 galite nuimti derli\u0173 ir m\u0117gautis savo mikro\u017ealumynais.<\/p>\n<p>Eleganti\u0161kas ir kompakti\u0161kas porcelianinis daiginimo dubuo tinkamas plauti indaplov\u0117je ir traukia ak\u012f ant bet kurio stalo ar palang\u0117s. \u0160is virtuv\u0117s sodas padeda kurti kulinarinius malonumus \u012fdedant minimalias pastangas.<\/p>\n<p>Visi Heimgart komponentai \u2013 nuo daiginimo duben\u0117lio iki s\u0117kl\u0173 pad\u0117klo \u2013 gaminami ir apdorojami Vokietijoje. S\u0117klos yra sertifikuotos ir ekologi\u0161kos, kaip ir visas s\u0117kl\u0173 padelis, pagamintas i\u0161 nat\u016bralaus neausto pluo\u0161to.<\/p>\n<p><strong>Apie produkt\u0105:<\/strong><br \/>\nSvoris: 30 g<br \/>\nDydis: 17.5 x 7.5 cm<\/p>\n<p><strong>\u012e rinkin\u012f \u012feina:<\/strong><br \/>\n1x sertifikuoti ekologi\u0161ki s\u0117kl\u0173 padeliai,<br \/>\n1x auginimo dang\u010diai \u012fskaitant instrukcijas.<\/p>\n<p><strong>Laikymo patarimai:<\/strong><br \/>\nS\u0117kl\u0173 padelius laikykite v\u0117sioje ir sausoje vietoje. Venkite tiesiogini\u0173 saul\u0117s spinduli\u0173.<br \/>\nS\u0117kl\u0173 padelius galima kompostuoti arba i\u0161mesti kaip organines atliekas.<\/p>\n<p><strong>Derliaus nu\u0117mimo patarimai:<\/strong><br \/>\nNuimkite derli\u0173 ir m\u0117gaukit\u0117s visi\u0161kai u\u017eaugusiais mikro\u017ealumynais per kelias dienas.<br \/>\nKadangi tai jauni daigai, vartokite tik vir\u0161 \u0161aknies.<\/p>","protected":false},"excerpt":{"rendered":"<p>Japoninio bastu\u010dio (Mizuna) mikro\u017ealumynai turi a\u0161traus, vasabi primenan\u010dio skonio, tod\u0117l jie puikiai tinka su\u0161i, ramenui ar azijieti\u0161koms sriuboms. Intensyvaus, bet maloniai subalansuoto skonio tamsiai \u017eali lapai yra prisotinti gele\u017eies, kalcio ir vitamin\u0173 A, C ir K \u2013 tai tikras supermaistas su charakteriu. Kad gal\u0117tum\u0117te m\u0117gautis \u0161vie\u017eiausiu skoniu, valgykite i\u0161kart po derliaus nu\u0117mimo.<\/p>","protected":false},"featured_media":2031,"comment_status":"open","ping_status":"closed","template":"","meta":[],"etheme_brands":[{"term_id":28,"name":"Heimgart","slug":"heimgart","term_group":0,"term_taxonomy_id":28,"taxonomy":"brand","description":"","parent":0,"count":16,"filter":"raw"}],"product_brand":[],"product_cat":[32],"product_tag":[30,33],"class_list":{"0":"post-2028","1":"product","2":"type-product","3":"status-publish","4":"has-post-thumbnail","6":"brand-heimgart","7":"product_cat-seed-pads","8":"product_tag-heimgart","9":"product_tag-seed-pad","10":"product_shipping_class-small","12":"first","13":"instock","14":"shipping-taxable","15":"purchasable","16":"product-type-simple"},"jetpack_sharing_enabled":true,"_links":{"self":[{"href":"https:\/\/microplants.lt\/lt\/wp-json\/wp\/v2\/product\/2028","targetHints":{"allow":["GET"]}}],"collection":[{"href":"https:\/\/microplants.lt\/lt\/wp-json\/wp\/v2\/product"}],"about":[{"href":"https:\/\/microplants.lt\/lt\/wp-json\/wp\/v2\/types\/product"}],"replies":[{"embeddable":true,"href":"https:\/\/microplants.lt\/lt\/wp-json\/wp\/v2\/comments?post=2028"}],"version-history":[{"count":1,"href":"https:\/\/microplants.lt\/lt\/wp-json\/wp\/v2\/product\/2028\/revisions"}],"predecessor-version":[{"id":2035,"href":"https:\/\/microplants.lt\/lt\/wp-json\/wp\/v2\/product\/2028\/revisions\/2035"}],"wp:featuredmedia":[{"embeddable":true,"href":"https:\/\/microplants.lt\/lt\/wp-json\/wp\/v2\/media\/2031"}],"wp:attachment":[{"href":"https:\/\/microplants.lt\/lt\/wp-json\/wp\/v2\/media?parent=2028"}],"wp:term":[{"taxonomy":"brand","embeddable":true,"href":"https:\/\/microplants.lt\/lt\/wp-json\/wp\/v2\/etheme_brands?post=2028"},{"taxonomy":"product_brand","embeddable":true,"href":"https:\/\/microplants.lt\/lt\/wp-json\/wp\/v2\/product_brand?post=2028"},{"taxonomy":"product_cat","embeddable":true,"href":"https:\/\/microplants.lt\/lt\/wp-json\/wp\/v2\/product_cat?post=2028"},{"taxonomy":"product_tag","embeddable":true,"href":"https:\/\/microplants.lt\/lt\/wp-json\/wp\/v2\/product_tag?post=2028"}],"curies":[{"name":"wp","href":"https:\/\/api.w.org\/{rel}","templated":true}]}}