{"id":2036,"date":"2026-03-03T12:08:02","date_gmt":"2026-03-03T09:08:02","guid":{"rendered":"https:\/\/microplants.lt\/?post_type=product&#038;p=2036"},"modified":"2026-03-03T12:10:51","modified_gmt":"2026-03-03T09:10:51","slug":"pak-choi-seed-pad","status":"publish","type":"product","link":"https:\/\/microplants.lt\/lt\/produktas\/pak-choi-seed-pad\/","title":{"rendered":"Kininio Bastu\u010dio (Pak Choi) S\u0117kl\u0173 Padelis"},"content":{"rendered":"<p><strong>Apra\u0161ymas:<\/strong><br \/>\n<span dir=\"auto\">The\u00a0<\/span><span dir=\"auto\">Kininio bastu\u010dio (Pak choi) mikro\u017ealumynai<\/span><span dir=\"auto\">\u00a0suteikia j\u016bs\u0173 virtuvei subtil\u0173 sodo aromat\u0105 \u2013 idealiai tinka tiems,\u00a0<\/span><span dir=\"auto\">microgreen growing kit<\/span><span dir=\"auto\"> kurie ie\u0161ko mikro\u017ealumyn\u0173 su \u0161velniu kop\u016bst\u0173 skoniu. Jie auga greitai, \u0161variai ir turi didel\u0119 maistin\u0119 vert\u0119. Kininiai bastu\u010diai (Pak choi), taip pat \u017einomi kaip kini\u0161ki kop\u016bst\u0173 lapai, \u017eavi \u0161velniu aromatu ir sultingais, tra\u0161kiais lapais. Kinini\u0173 bastu\u010di\u0173 (Pak choi) mikro\u017ealumynuose yra daug vitamin\u0173, ypa\u010d A, C ir K, taip pat mineral\u0173 ir fitochemini\u0173 med\u017eiag\u0173, kurios yra sveikas j\u016bs\u0173 maisto papildas. \u0160vie\u017eios jos stiprina imunin\u0119 sistem\u0105 ir apsaugo l\u0105steles.\u00a0<\/span><\/p>\n<p>Ekologi\u0161kai sertifikuoti s\u0117kl\u0173 padeliai gaminami i\u0161skirtinai Heimgart sodininkyst\u0117s sistemai. Padeliai susideda i\u0161 nat\u016bralaus pluo\u0161to pagalv\u0117li\u0173 ir ekologi\u0161k\u0173 s\u0117kl\u0173, kurios yra pritvirtintos nat\u016braliomis ri\u0161amosiomis med\u017eiagomis. Jei s\u0117klos atsipalaiduoja i\u0161pakavus, tai n\u0117ra problema: tiesiog paskleiskite jas ant s\u0117kl\u0173 padelio prie\u0161 u\u017edengdami auginimo dangteliais.<\/p>\n<p>Naudojant Pradin\u012f Mikro\u017ealumyn\u0173 Rinkin\u012f ir s\u0117kl\u0173 padelius, prad\u0117ti auginti mikro\u017ealumynus prireiks vos keli\u0173 minu\u010di\u0173. \u012ed\u0117jus du s\u0117kl\u0173 padelius \u012f porcelianin\u012f duben\u012f ir pripild\u017eius vandens, jau po keli\u0173 dien\u0173 i\u0161dygsta pirmieji jauni lapeliai, kurie j\u016bs\u0173 patiekalams suteiks \u012fvairov\u0117s ir sveik\u0173 skoni\u0173!<\/p>\n<p><strong>Auginti mikro\u017ealumynus labai paprasta:<\/strong><br \/>\nPripildykite porcelianin\u012f duben\u012f vandeniu iki \u017eymos. Ant ner\u016bdijan\u010dio plieno \u012fd\u0117klo u\u017ed\u0117kite du s\u0117kl\u0173 padelius ir \u012fd\u0117kite j\u012f \u012f porcelianin\u012f duben\u012f. U\u017edenkite s\u0117kl\u0173 padelius dviem pridedamais kartoniniais auginimo dang\u010diais. Jie apsaugo s\u0117klas nuo \u0161viesos ir sukuria optimal\u0173 mikroklimat\u0105, ideal\u0173 sodinuk\u0173 augimui palaikyti. Dabar laikas atsipalaiduoti ir palikiti mikro\u017ealumynus u\u017edengtus kambario temperat\u016broje bent 3 dienoms ir leisti jiems ramiai dygti. Kai mikro\u017ealumynai tik nustumia dang\u010dius, da\u017eniausiai po 3 \u2013 4 dien\u0173, galite juos visi\u0161kai nuimti, kad augalai gaut\u0173 saul\u0117s spinduli\u0173 ir prad\u0117t\u0173 \u017ealiuoti. Po 5 \u2013 7 dien\u0173 galite nuimti derli\u0173 ir m\u0117gautis savo mikro\u017ealumynais.<\/p>\n<p>Eleganti\u0161kas ir kompakti\u0161kas porcelianinis daiginimo dubuo tinkamas plauti indaplov\u0117je ir traukia ak\u012f ant bet kurio stalo ar palang\u0117s. \u0160is virtuv\u0117s sodas padeda kurti kulinarinius malonumus \u012fdedant minimalias pastangas.<\/p>\n<p>Visi Heimgart komponentai \u2013 nuo daiginimo duben\u0117lio iki s\u0117kl\u0173 pad\u0117klo \u2013 gaminami ir apdorojami Vokietijoje. S\u0117klos yra sertifikuotos ir ekologi\u0161kos, kaip ir visas s\u0117kl\u0173 padelis, pagamintas i\u0161 nat\u016bralaus neausto pluo\u0161to.<\/p>\n<p><strong>Apie produkt\u0105:<\/strong><br \/>\nSvoris: 30 g<br \/>\nDydis: 17.5 x 7.5 cm<\/p>\n<p><strong>\u012e rinkin\u012f \u012feina:<\/strong><br \/>\n1x sertifikuoti ekologi\u0161ki s\u0117kl\u0173 padeliai,<br \/>\n1x auginimo dang\u010diai \u012fskaitant instrukcijas.<\/p>\n<p><strong>Laikymo patarimai:<\/strong><br \/>\nS\u0117kl\u0173 padelius laikykite v\u0117sioje ir sausoje vietoje. Venkite tiesiogini\u0173 saul\u0117s spinduli\u0173.<br \/>\nS\u0117kl\u0173 padelius galima kompostuoti arba i\u0161mesti kaip organines atliekas.<\/p>\n<p><strong>Derliaus nu\u0117mimo patarimai:<\/strong><br \/>\nNuimkite derli\u0173 ir m\u0117gaukit\u0117s visi\u0161kai u\u017eaugusiais mikro\u017ealumynais per kelias dienas.<br \/>\nKadangi tai jauni daigai, vartokite tik vir\u0161 \u0161aknies.<\/p>","protected":false},"excerpt":{"rendered":"<p>Kininio bastu\u010dio (Pak choi) mikro\u017ealumyn\u0173 sultingi ir tra\u0161k\u016bs lapeliai suteikia j\u016bs\u0173 virtuvei \u0161veln\u0173 kop\u016bst\u0173 skon\u012f. D\u0117l subtilaus sodo aromato jie puikiai tinka prie bet kokio patiekalo. \u0160ie greitai augantys \u017ealumynai yra turtingi vitaminais A, C ir K bei mineralais, tod\u0117l yra ne tik maistingi, bet ir gaiv\u016bs. Kad skonis b\u016bt\u0173 kuo \u0161vie\u017eesnis, valgykite juos i\u0161kart po derliaus nu\u0117mimo.<\/p>","protected":false},"featured_media":2039,"comment_status":"open","ping_status":"closed","template":"","meta":[],"etheme_brands":[{"term_id":28,"name":"Heimgart","slug":"heimgart","term_group":0,"term_taxonomy_id":28,"taxonomy":"brand","description":"","parent":0,"count":16,"filter":"raw"}],"product_brand":[],"product_cat":[32],"product_tag":[30,33],"class_list":{"0":"post-2036","1":"product","2":"type-product","3":"status-publish","4":"has-post-thumbnail","6":"brand-heimgart","7":"product_cat-seed-pads","8":"product_tag-heimgart","9":"product_tag-seed-pad","10":"product_shipping_class-small","12":"first","13":"instock","14":"shipping-taxable","15":"purchasable","16":"product-type-simple"},"jetpack_sharing_enabled":true,"_links":{"self":[{"href":"https:\/\/microplants.lt\/lt\/wp-json\/wp\/v2\/product\/2036","targetHints":{"allow":["GET"]}}],"collection":[{"href":"https:\/\/microplants.lt\/lt\/wp-json\/wp\/v2\/product"}],"about":[{"href":"https:\/\/microplants.lt\/lt\/wp-json\/wp\/v2\/types\/product"}],"replies":[{"embeddable":true,"href":"https:\/\/microplants.lt\/lt\/wp-json\/wp\/v2\/comments?post=2036"}],"version-history":[{"count":1,"href":"https:\/\/microplants.lt\/lt\/wp-json\/wp\/v2\/product\/2036\/revisions"}],"predecessor-version":[{"id":2043,"href":"https:\/\/microplants.lt\/lt\/wp-json\/wp\/v2\/product\/2036\/revisions\/2043"}],"wp:featuredmedia":[{"embeddable":true,"href":"https:\/\/microplants.lt\/lt\/wp-json\/wp\/v2\/media\/2039"}],"wp:attachment":[{"href":"https:\/\/microplants.lt\/lt\/wp-json\/wp\/v2\/media?parent=2036"}],"wp:term":[{"taxonomy":"brand","embeddable":true,"href":"https:\/\/microplants.lt\/lt\/wp-json\/wp\/v2\/etheme_brands?post=2036"},{"taxonomy":"product_brand","embeddable":true,"href":"https:\/\/microplants.lt\/lt\/wp-json\/wp\/v2\/product_brand?post=2036"},{"taxonomy":"product_cat","embeddable":true,"href":"https:\/\/microplants.lt\/lt\/wp-json\/wp\/v2\/product_cat?post=2036"},{"taxonomy":"product_tag","embeddable":true,"href":"https:\/\/microplants.lt\/lt\/wp-json\/wp\/v2\/product_tag?post=2036"}],"curies":[{"name":"wp","href":"https:\/\/api.w.org\/{rel}","templated":true}]}}